{"id":9299,"date":"2022-09-17T13:58:11","date_gmt":"2022-09-17T11:58:11","guid":{"rendered":"https:\/\/2022.hsb1846.de\/?page_id=9299"},"modified":"2022-09-20T11:23:05","modified_gmt":"2022-09-20T09:23:05","slug":"karate-bestager","status":"publish","type":"page","link":"https:\/\/hsb1846.de\/en\/home\/abteilungen\/budo-aikido-judo-karate\/karate\/karate-bestager\/","title":{"rendered":"Karate Best Ager"},"content":{"rendered":"<div class=\"wp-block-media-text alignwide has-media-on-the-right is-stacked-on-mobile is-vertically-aligned-center has-white-background-color has-background\"><figure class=\"wp-block-media-text__media\"><img loading=\"lazy\" decoding=\"async\" width=\"1620\" height=\"1080\" src=\"https:\/\/2022.hsb1846.de\/wp-content\/uploads\/2022\/09\/BestAger01-1620x1080.jpg\" alt=\"\" class=\"wp-image-9029 size-full\" srcset=\"https:\/\/hsb1846.de\/wp-content\/uploads\/2022\/09\/BestAger01-1620x1080.jpg 1620w, https:\/\/hsb1846.de\/wp-content\/uploads\/2022\/09\/BestAger01-300x200.jpg 300w, https:\/\/hsb1846.de\/wp-content\/uploads\/2022\/09\/BestAger01-768x512.jpg 768w, https:\/\/hsb1846.de\/wp-content\/uploads\/2022\/09\/BestAger01-1536x1024.jpg 1536w, https:\/\/hsb1846.de\/wp-content\/uploads\/2022\/09\/BestAger01-2048x1365.jpg 2048w\" sizes=\"auto, (max-width: 1620px) 100vw, 1620px\" \/><\/figure><div class=\"wp-block-media-text__content\">\n<div class=\"wp-block-group\"><div class=\"wp-block-group__inner-container is-layout-flow wp-block-group-is-layout-flow\">\n<div class=\"wp-block-cover is-light\"><span aria-hidden=\"true\" class=\"wp-block-cover__background has-white-background-color has-background-dim\"><\/span><div class=\"wp-block-cover__inner-container is-layout-flow wp-block-cover-is-layout-flow\">\n<div class=\"wp-block-group\" style=\"padding-top:2em;padding-right:2em;padding-bottom:2em;padding-left:2em\"><div class=\"wp-block-group__inner-container is-layout-flow wp-block-group-is-layout-flow\">\n<h3 class=\"has-text-align-center wp-block-heading\">Karate ist Gesundheitssport!!<br><\/h3>\n\n\n\n<p class=\"has-text-align-center\">f\u00f6rdert koordinative F\u00e4higkeiten<\/p>\n\n\n\n<p class=\"has-text-align-center\">st\u00e4rkt Herz- und Kreislaufsystem und Lungenfunktion<br>baut Muskelapparat auf<br>verbessert Ged\u00e4chtnisleistung<br>f\u00f6rdert Gleichgewichtssinn<\/p>\n\n\n\n<p class=\"has-text-align-center\">baut Stress ab<br>st\u00e4rkt Selbstbewusstsein<br>verbessert allgemeines Wohlbefinden<br>ist effektive Selbstverteidigung<\/p>\n<\/div><\/div>\n<\/div><\/div>\n<\/div><\/div>\n<\/div><\/div>\n\n\n\n<div class=\"wp-block-media-text alignwide is-stacked-on-mobile is-vertically-aligned-center has-white-background-color has-background\"><figure class=\"wp-block-media-text__media\"><img loading=\"lazy\" decoding=\"async\" width=\"720\" height=\"1080\" src=\"https:\/\/2022.hsb1846.de\/wp-content\/uploads\/2022\/09\/1O6A9644-720x1080.jpg\" alt=\"\" class=\"wp-image-9323 size-full\" srcset=\"https:\/\/hsb1846.de\/wp-content\/uploads\/2022\/09\/1O6A9644-720x1080.jpg 720w, https:\/\/hsb1846.de\/wp-content\/uploads\/2022\/09\/1O6A9644-200x300.jpg 200w, https:\/\/hsb1846.de\/wp-content\/uploads\/2022\/09\/1O6A9644-768x1152.jpg 768w, https:\/\/hsb1846.de\/wp-content\/uploads\/2022\/09\/1O6A9644-1024x1536.jpg 1024w, https:\/\/hsb1846.de\/wp-content\/uploads\/2022\/09\/1O6A9644-1365x2048.jpg 1365w, https:\/\/hsb1846.de\/wp-content\/uploads\/2022\/09\/1O6A9644-scaled.jpg 1707w\" sizes=\"auto, (max-width: 720px) 100vw, 720px\" \/><\/figure><div class=\"wp-block-media-text__content\">\n<div class=\"wp-block-group\" style=\"padding-top:2em;padding-right:2em;padding-bottom:2em;padding-left:2em\"><div class=\"wp-block-group__inner-container is-layout-flow wp-block-group-is-layout-flow\">\n<div class=\"wp-block-columns is-layout-flex wp-container-core-columns-is-layout-9d6595d7 wp-block-columns-is-layout-flex\">\n<div class=\"wp-block-column is-layout-flow wp-block-column-is-layout-flow\" style=\"flex-basis:100%\">\n<h2 class=\"has-text-align-center has-medium-font-size wp-block-heading\"><strong>Karate f\u00fcr<\/strong> Best Ager<\/h2>\n<\/div>\n<\/div>\n\n\n\n<p class=\"has-text-align-center\" style=\"font-size:16px\">Einsteiger und Wiedereinsteiger<\/p>\n\n\n\n<p class=\"has-text-align-center\" style=\"font-size:16px\">keine Vorkenntnisse erforderlich<\/p>\n\n\n\n<p class=\"has-text-align-center\" style=\"font-size:16px\">Einstieg stets m\u00f6glich <\/p>\n\n\n\n<p class=\"has-text-align-center\" style=\"font-size:16px\">Montag um 17.00 Uhr <\/p>\n\n\n\n<p class=\"has-text-align-center\" style=\"font-size:16px\">im <a href=\"https:\/\/maps.google.de\/maps?expflags=enable_star_based_justifications:true&amp;ie=UTF8&amp;cid=8476439467549997694&amp;q=hsb1846%2BBudo%2BKarate%2BJudo%2BAikido&amp;iwloc=A&amp;gl=DE&amp;hl=de\">Voith-Sportzentrum<\/a><\/p>\n\n\n\n<p class=\"has-text-align-center has-extra-small-font-size\"><\/p>\n<\/div><\/div>\n<\/div><\/div>\n\n\n\n<div class=\"wp-block-media-text alignwide has-media-on-the-right is-stacked-on-mobile is-vertically-aligned-center\"><figure class=\"wp-block-media-text__media\"><img loading=\"lazy\" decoding=\"async\" width=\"758\" height=\"1080\" src=\"https:\/\/2022.hsb1846.de\/wp-content\/uploads\/2022\/09\/SPG-hsb-758x1080.jpg\" alt=\"\" class=\"wp-image-9328 size-full\" srcset=\"https:\/\/hsb1846.de\/wp-content\/uploads\/2022\/09\/SPG-hsb-758x1080.jpg 758w, https:\/\/hsb1846.de\/wp-content\/uploads\/2022\/09\/SPG-hsb-211x300.jpg 211w, https:\/\/hsb1846.de\/wp-content\/uploads\/2022\/09\/SPG-hsb-768x1094.jpg 768w, https:\/\/hsb1846.de\/wp-content\/uploads\/2022\/09\/SPG-hsb.jpg 856w\" sizes=\"auto, (max-width: 758px) 100vw, 758px\" \/><\/figure><div class=\"wp-block-media-text__content\">\n<div class=\"wp-block-group\" style=\"padding-top:2em;padding-right:2em;padding-bottom:2em;padding-left:2em\"><div class=\"wp-block-group__inner-container is-layout-flow wp-block-group-is-layout-flow\">\n<p style=\"font-size:36px;line-height:1.2\">Karate<\/p>\n\n\n\n<p class=\"has-medium-font-size\">St\u00fctzpunkt f\u00fcr Gesundheitssport<\/p>\n<\/div><\/div>\n<\/div><\/div>\n\n\n\n<div class=\"wp-block-media-text alignwide is-stacked-on-mobile is-vertically-aligned-center has-white-background-color has-background\"><figure class=\"wp-block-media-text__media\"><img loading=\"lazy\" decoding=\"async\" width=\"1620\" height=\"1080\" src=\"https:\/\/2022.hsb1846.de\/wp-content\/uploads\/2022\/09\/1O6A9580-1620x1080.jpg\" alt=\"\" class=\"wp-image-9331 size-full\" srcset=\"https:\/\/hsb1846.de\/wp-content\/uploads\/2022\/09\/1O6A9580-1620x1080.jpg 1620w, https:\/\/hsb1846.de\/wp-content\/uploads\/2022\/09\/1O6A9580-300x200.jpg 300w, https:\/\/hsb1846.de\/wp-content\/uploads\/2022\/09\/1O6A9580-768x512.jpg 768w, https:\/\/hsb1846.de\/wp-content\/uploads\/2022\/09\/1O6A9580-1536x1024.jpg 1536w, https:\/\/hsb1846.de\/wp-content\/uploads\/2022\/09\/1O6A9580-2048x1365.jpg 2048w\" sizes=\"auto, (max-width: 1620px) 100vw, 1620px\" \/><\/figure><div class=\"wp-block-media-text__content\">\n<div class=\"wp-block-group\" style=\"padding-top:2em;padding-right:2em;padding-bottom:2em;padding-left:2em\"><div class=\"wp-block-group__inner-container is-layout-flow wp-block-group-is-layout-flow\">\n<p class=\"has-extra-small-font-size\"><\/p>\n<\/div><\/div>\n<\/div><\/div>","protected":false},"excerpt":{"rendered":"","protected":false},"author":3,"featured_media":0,"parent":8877,"menu_order":21,"comment_status":"closed","ping_status":"closed","template":"","meta":{"footnotes":""},"class_list":["post-9299","page","type-page","status-publish","hentry"],"aioseo_notices":[],"_links":{"self":[{"href":"https:\/\/hsb1846.de\/en\/wp-json\/wp\/v2\/pages\/9299","targetHints":{"allow":["GET"]}}],"collection":[{"href":"https:\/\/hsb1846.de\/en\/wp-json\/wp\/v2\/pages"}],"about":[{"href":"https:\/\/hsb1846.de\/en\/wp-json\/wp\/v2\/types\/page"}],"author":[{"embeddable":true,"href":"https:\/\/hsb1846.de\/en\/wp-json\/wp\/v2\/users\/3"}],"replies":[{"embeddable":true,"href":"https:\/\/hsb1846.de\/en\/wp-json\/wp\/v2\/comments?post=9299"}],"version-history":[{"count":15,"href":"https:\/\/hsb1846.de\/en\/wp-json\/wp\/v2\/pages\/9299\/revisions"}],"predecessor-version":[{"id":9352,"href":"https:\/\/hsb1846.de\/en\/wp-json\/wp\/v2\/pages\/9299\/revisions\/9352"}],"up":[{"embeddable":true,"href":"https:\/\/hsb1846.de\/en\/wp-json\/wp\/v2\/pages\/8877"}],"wp:attachment":[{"href":"https:\/\/hsb1846.de\/en\/wp-json\/wp\/v2\/media?parent=9299"}],"curies":[{"name":"wp","href":"https:\/\/api.w.org\/{rel}","templated":true}]}}