{"id":9637,"date":"2022-10-05T13:20:57","date_gmt":"2022-10-05T11:20:57","guid":{"rendered":"https:\/\/2022.hsb1846.de\/?page_id=9637"},"modified":"2022-12-07T15:51:34","modified_gmt":"2022-12-07T14:51:34","slug":"apartment","status":"publish","type":"page","link":"https:\/\/hsb1846.de\/en\/home\/sportinternat\/apartment\/","title":{"rendered":"Apartment"},"content":{"rendered":"<div style=\"height:50px\" aria-hidden=\"true\" class=\"wp-block-spacer\"><\/div>\n\n\n\n<p class=\"has-text-align-center has-white-color has-text-color has-background\" style=\"background-color:#02147e;font-size:25px\">The hsb sports boarding school has its own apartments<\/p>\n\n\n\n<div style=\"height:25px\" aria-hidden=\"true\" class=\"wp-block-spacer\"><\/div>\n\n\n\n<p class=\"has-background\" style=\"background-color:#f6f6f6;font-size:16px\">Two to three athletes share accommodation in the apartments, which are in the Galgenberg residential area and all located near the fencing centre.<\/p>\n\n\n\n<p class=\"has-background\" style=\"background-color:#f6f6f6;font-size:16px\">Meals are provided during the week in the form of breakfast and lunch in the boarding school cafeteria. Residents are responsible for providing their own evening meal. Errands are car-ried out collaboratively.<\/p>\n\n\n\n<p class=\"has-background\" style=\"background-color:#f6f6f6;font-size:16px\">Our athletes are supported by qualified professionals during the transition to independence so that neither their educational nor their personal development suffer while also doing competi-tive sport.<\/p>\n\n\n\n<p class=\"has-background\" style=\"background-color:#f6f6f6;font-size:16px\">Trips to doctors, administrative procedures and shopping trips are organised with the help of and offered by our staff.<\/p>\n\n\n\n<div style=\"height:50px\" aria-hidden=\"true\" class=\"wp-block-spacer\"><\/div>\n\n\n\n<p class=\"has-text-align-center has-white-color has-text-color has-background\" style=\"background-color:#02147e;font-size:25px\">Life in the boarding school<\/p>\n\n\n\n<div style=\"height:25px\" aria-hidden=\"true\" class=\"wp-block-spacer\"><\/div>\n\n\n\n<p class=\"has-background\" style=\"background-color:#f6f6f6;font-size:16px\">In order to reconcile educational and sporting development, the daily routine must be struc-tured. It usually looks like this:<\/p>\n\n\n\n<div style=\"height:25px\" aria-hidden=\"true\" class=\"wp-block-spacer\"><\/div>\n\n\n\n<table id=\"tablepress-48\" class=\"tablepress tablepress-id-48\">\n<tbody class=\"row-striping row-hover\">\n<tr class=\"row-1\">\n\t<td class=\"column-1\">06:30 am \u2013 07:00 am<\/td><td class=\"column-2\">Getting ready for the day<\/td>\n<\/tr>\n<tr class=\"row-2\">\n\t<td class=\"column-1\">07:00 am - 08:00 am<\/td><td class=\"column-2\">Breakfast<\/td>\n<\/tr>\n<tr class=\"row-3\">\n\t<td class=\"column-1\">07:45 am - 01:15 pm<\/td><td class=\"column-2\">School<\/td>\n<\/tr>\n<tr class=\"row-4\">\n\t<td class=\"column-1\">12:00 am - 01:45 pm<\/td><td class=\"column-2\">Lunch<\/td>\n<\/tr>\n<tr class=\"row-5\">\n\t<td class=\"column-1\">12:00 am - 04:00 pm<\/td><td class=\"column-2\">Supervision of homework, private tuition, one-to-one training, special training<br \/>\nEinzeltraining, F\u00f6rdertraining<\/td>\n<\/tr>\n<tr class=\"row-6\">\n\t<td class=\"column-1\">04:00 pm - 05:30 pm<\/td><td class=\"column-2\">Leisure time<\/td>\n<\/tr>\n<tr class=\"row-7\">\n\t<td class=\"column-1\">05:30 pm - 09:00 pm<\/td><td class=\"column-2\">Evening training in the respective form of sport<\/td>\n<\/tr>\n<tr class=\"row-8\">\n\t<td class=\"column-1\">09:00 pm - 10:00 pm<\/td><td class=\"column-2\">Leisure time<\/td>\n<\/tr>\n<tr class=\"row-9\">\n\t<td class=\"column-1\">10:00 pm - 11:00 pm<\/td><td class=\"column-2\">Bed time for flat residents<\/td>\n<\/tr>\n<\/tbody>\n<\/table>\n<!-- #tablepress-48 from cache -->\n\n\n\n<div style=\"height:25px\" aria-hidden=\"true\" class=\"wp-block-spacer\"><\/div>\n\n\n\n<p class=\"has-background\" style=\"background-color:#f6f6f6;font-size:16px\">This daily routine does not apply to every day of the school or sports year.<\/p>\n\n\n\n<p class=\"has-background\" style=\"background-color:#f6f6f6;font-size:16px\">When ongoing sporting activities occur during the school holiday, no breakfast is served in the boarding school cafeteria.<\/p>\n\n\n\n<p class=\"has-background\" style=\"background-color:#f6f6f6;font-size:16px\">During both school holidays and sports vacations, athletes travel home.<\/p>\n\n\n\n<div style=\"height:50px\" aria-hidden=\"true\" class=\"wp-block-spacer\"><\/div>","protected":false},"excerpt":{"rendered":"<p>Das hsb &#8211; Sportinternat verf\u00fcgt \u00fcber eigene Apartments In den Wohnungen, die im Wohngebiet auf dem Galgenberg liegen und sich alle unweit des Fechtzentrums befinden, leben 2-3 Sportler in einer Wohngemeinschaft. Die Verpflegung findet wochentags im Rahmen eines Fr\u00fchst\u00fccks und Mittagessens in der Internatsmensa statt. F\u00fcr das Abendessen sorgen die Bewohner eigenverantwortlich, Besorgungen werden dagegen [&hellip;]<\/p>\n","protected":false},"author":1,"featured_media":10157,"parent":4103,"menu_order":0,"comment_status":"closed","ping_status":"closed","template":"","meta":{"footnotes":""},"class_list":["post-9637","page","type-page","status-publish","has-post-thumbnail","hentry"],"aioseo_notices":[],"_links":{"self":[{"href":"https:\/\/hsb1846.de\/en\/wp-json\/wp\/v2\/pages\/9637","targetHints":{"allow":["GET"]}}],"collection":[{"href":"https:\/\/hsb1846.de\/en\/wp-json\/wp\/v2\/pages"}],"about":[{"href":"https:\/\/hsb1846.de\/en\/wp-json\/wp\/v2\/types\/page"}],"author":[{"embeddable":true,"href":"https:\/\/hsb1846.de\/en\/wp-json\/wp\/v2\/users\/1"}],"replies":[{"embeddable":true,"href":"https:\/\/hsb1846.de\/en\/wp-json\/wp\/v2\/comments?post=9637"}],"version-history":[{"count":22,"href":"https:\/\/hsb1846.de\/en\/wp-json\/wp\/v2\/pages\/9637\/revisions"}],"predecessor-version":[{"id":10367,"href":"https:\/\/hsb1846.de\/en\/wp-json\/wp\/v2\/pages\/9637\/revisions\/10367"}],"up":[{"embeddable":true,"href":"https:\/\/hsb1846.de\/en\/wp-json\/wp\/v2\/pages\/4103"}],"wp:featuredmedia":[{"embeddable":true,"href":"https:\/\/hsb1846.de\/en\/wp-json\/wp\/v2\/media\/10157"}],"wp:attachment":[{"href":"https:\/\/hsb1846.de\/en\/wp-json\/wp\/v2\/media?parent=9637"}],"curies":[{"name":"wp","href":"https:\/\/api.w.org\/{rel}","templated":true}]}}