{"id":9641,"date":"2022-10-05T13:21:20","date_gmt":"2022-10-05T11:21:20","guid":{"rendered":"https:\/\/2022.hsb1846.de\/?page_id=9641"},"modified":"2022-12-08T13:57:09","modified_gmt":"2022-12-08T12:57:09","slug":"schule","status":"publish","type":"page","link":"https:\/\/hsb1846.de\/en\/home\/sportinternat\/schule\/","title":{"rendered":"School"},"content":{"rendered":"<div style=\"height:50px\" aria-hidden=\"true\" class=\"wp-block-spacer\"><\/div>\n\n\n\n<p class=\"has-text-align-center has-white-color has-text-color has-background\" style=\"background-color:#02147e;font-size:25px\">Partnerships with elite sports schools<\/p>\n\n\n\n<div style=\"height:25px\" aria-hidden=\"true\" class=\"wp-block-spacer\"><\/div>\n\n\n\n<p class=\"has-background\" style=\"background-color:#f6f6f6;font-size:16px\">Heidenheim's educational landscape offers a wide variety of types of school with different specialised directions. Both G8 (8-year high school) and G9 (9-year high school) are possible.<\/p>\n\n\n\n<div style=\"height:50px\" aria-hidden=\"true\" class=\"wp-block-spacer\"><\/div>\n\n\n\n<p class=\"has-white-color has-text-color has-background\" style=\"background-color:#02147e;font-size:25px\">Partners<\/p>\n\n\n\n<div style=\"height:25px\" aria-hidden=\"true\" class=\"wp-block-spacer\"><\/div>\n\n\n\n<p class=\"has-background\" style=\"background-color:#f6f6f6;font-size:16px\">The sports boarding school works together in a unique form of partnership with 6 schools \u2013 ranging from a special school, to a secondary school to a high school. It goes without saying that schools outside our partnerships can also be attended.<\/p>\n\n\n\n<div style=\"height:50px\" aria-hidden=\"true\" class=\"wp-block-spacer\"><\/div>\n\n\n\n<p class=\"has-white-color has-text-color has-background\" style=\"background-color:#02147e;font-size:25px\">Additional tuition<\/p>\n\n\n\n<div style=\"height:25px\" aria-hidden=\"true\" class=\"wp-block-spacer\"><\/div>\n\n\n\n<p class=\"has-background\" style=\"background-color:#f6f6f6;font-size:16px\">Should lessons be missed owing to sporting events, these will be made up. This will take place in consultation with and via the school.<\/p>\n\n\n\n<div style=\"height:50px\" aria-hidden=\"true\" class=\"wp-block-spacer\"><\/div>\n\n\n\n<p class=\"has-white-color has-text-color has-background\" style=\"background-color:#02147e;font-size:25px\">Homework supervision and assistance<\/p>\n\n\n\n<div style=\"height:25px\" aria-hidden=\"true\" class=\"wp-block-spacer\"><\/div>\n\n\n\n<p class=\"has-background\" style=\"background-color:#f6f6f6;font-size:16px\">Homework supervision and assistance, private tuition and preparation for class tests are pro-vided by in-house teaching staff.<\/p>\n\n\n\n<div style=\"height:50px\" aria-hidden=\"true\" class=\"wp-block-spacer\"><\/div>\n\n\n\n<p class=\"has-white-color has-text-color has-background\" style=\"background-color:#02147e;font-size:25px\">Distances<\/p>\n\n\n\n<div style=\"height:25px\" aria-hidden=\"true\" class=\"wp-block-spacer\"><\/div>\n\n\n\n<p class=\"has-background\" style=\"background-color:#f6f6f6;font-size:16px\">All schools are within a 5\u201315 minute walk from the boarding school.<\/p>\n\n\n\n<div style=\"height:50px\" aria-hidden=\"true\" class=\"wp-block-spacer\"><\/div>\n\n\n\n<p class=\"has-white-color has-text-color has-background\" style=\"background-color:#02147e;font-size:25px\">Academic feedback<\/p>\n\n\n\n<div style=\"height:25px\" aria-hidden=\"true\" class=\"wp-block-spacer\"><\/div>\n\n\n\n<p class=\"has-background\" style=\"background-color:#f6f6f6;font-size:16px\">Every 6 \u2013 8 weeks, talks are held between boarding school staff and the individual schools. This makes it possible to act in a timely manner in given situations.<\/p>\n\n\n\n<div style=\"height:50px\" aria-hidden=\"true\" class=\"wp-block-spacer\"><\/div>\n\n\n\n<p class=\"has-white-color has-text-color has-background\" style=\"background-color:#02147e;font-size:25px\">Attendance at parent evenings<\/p>\n\n\n\n<div style=\"height:25px\" aria-hidden=\"true\" class=\"wp-block-spacer\"><\/div>\n\n\n\n<p class=\"has-background\" style=\"background-color:#f6f6f6;font-size:16px\">Individual parent evenings can be attended on parents' behalf. In this way, parents are re-lieved, owing either to scheduling difficulties or for logistical reasons which prevent them from attending personally.<\/p>\n\n\n\n<div style=\"height:50px\" aria-hidden=\"true\" class=\"wp-block-spacer\"><\/div>","protected":false},"excerpt":{"rendered":"<p>Kooperationen mit Eliteschulen des Sports Die Schullandschaft in Heidenheim weist eine Vielfalt an Schulformen mit unterschiedlichen fachlichen Ausrichtungen auf. Auch G8 oder G9 ist m\u00f6glich. Kooperationspartner Das Sportinternat arbeitet in einzigartigen Kooperationen mit 6 Schulen zusammen &#8211; von der Sonderschule, der Realschule bis hin zum Gymnasium. Nat\u00fcrlich k\u00f6nnen auch Schulen au\u00dferhalb der Kooperation besucht werden. [&hellip;]<\/p>\n","protected":false},"author":1,"featured_media":9630,"parent":4103,"menu_order":7,"comment_status":"closed","ping_status":"closed","template":"","meta":{"footnotes":""},"class_list":["post-9641","page","type-page","status-publish","has-post-thumbnail","hentry"],"aioseo_notices":[],"_links":{"self":[{"href":"https:\/\/hsb1846.de\/en\/wp-json\/wp\/v2\/pages\/9641","targetHints":{"allow":["GET"]}}],"collection":[{"href":"https:\/\/hsb1846.de\/en\/wp-json\/wp\/v2\/pages"}],"about":[{"href":"https:\/\/hsb1846.de\/en\/wp-json\/wp\/v2\/types\/page"}],"author":[{"embeddable":true,"href":"https:\/\/hsb1846.de\/en\/wp-json\/wp\/v2\/users\/1"}],"replies":[{"embeddable":true,"href":"https:\/\/hsb1846.de\/en\/wp-json\/wp\/v2\/comments?post=9641"}],"version-history":[{"count":14,"href":"https:\/\/hsb1846.de\/en\/wp-json\/wp\/v2\/pages\/9641\/revisions"}],"predecessor-version":[{"id":10368,"href":"https:\/\/hsb1846.de\/en\/wp-json\/wp\/v2\/pages\/9641\/revisions\/10368"}],"up":[{"embeddable":true,"href":"https:\/\/hsb1846.de\/en\/wp-json\/wp\/v2\/pages\/4103"}],"wp:featuredmedia":[{"embeddable":true,"href":"https:\/\/hsb1846.de\/en\/wp-json\/wp\/v2\/media\/9630"}],"wp:attachment":[{"href":"https:\/\/hsb1846.de\/en\/wp-json\/wp\/v2\/media?parent=9641"}],"curies":[{"name":"wp","href":"https:\/\/api.w.org\/{rel}","templated":true}]}}