{"id":9643,"date":"2022-10-05T13:21:38","date_gmt":"2022-10-05T11:21:38","guid":{"rendered":"https:\/\/2022.hsb1846.de\/?page_id=9643"},"modified":"2022-12-07T16:15:26","modified_gmt":"2022-12-07T15:15:26","slug":"ausbildung-beruf","status":"publish","type":"page","link":"https:\/\/hsb1846.de\/en\/home\/sportinternat\/ausbildung-beruf\/","title":{"rendered":"Vocational training and Job"},"content":{"rendered":"<div style=\"height:50px\" aria-hidden=\"true\" class=\"wp-block-spacer\"><\/div>\n\n\n\n<h2 class=\"wp-block-heading\">Job prospects<\/h2>\n\n\n\n<div style=\"height:50px\" aria-hidden=\"true\" class=\"wp-block-spacer\"><\/div>\n\n\n\n<p class=\"has-text-align-center has-white-color has-text-color has-background\" style=\"background-color:#02147e;font-size:25px\">We support our athletes beyond their time at the boarding school! <br>Job, apprenticeship, degree course, accommodation: we have an impressive network of contacts<\/p>\n\n\n\n<p class=\"has-background\" style=\"background-color:#f6f6f6;font-size:16px\">The hsb has maintained excellent contacts with companies, the Baden-W\u00fcrttemberg Coopera-tive State University in Heidenheim (DHWB), further higher education institutions and uni-versities. These offer us excellent preconditions to assist with the procurement of apprentice-ships or places at university. Moreover, we provide support to young people taking a gap year to do voluntary work or an internship in the field of sport. <br>As everywhere, suitable ac-commodation in Heidenheim is in high demand. Here too the boarding school is well-posi-tioned to help out with the renting of accommodation.<br><br>Our network is very extensive. Both our athletes and our network partners should benefit from this.<\/p>\n\n\n\n<div style=\"height:50px\" aria-hidden=\"true\" class=\"wp-block-spacer\"><\/div>\n\n\n\n<p class=\"has-text-align-center has-white-color has-text-color has-background\" style=\"background-color:#02147e;font-size:25px\">Heidenheim is located in one of Germany's most economically strong regions<\/p>\n\n\n\n<p class=\"has-background\" style=\"background-color:#f6f6f6;font-size:16px\">The Ostw\u00fcrttemberg Chamber of Commerce and the Employment Agency in Aalen work in close partnership with the sports boarding school and the hsb in order to enable our athletes to have a secure future.<\/p>\n\n\n\n<div style=\"height:50px\" aria-hidden=\"true\" class=\"wp-block-spacer\"><\/div>\n\n\n\n<p class=\"has-text-align-center has-white-color has-text-color has-background\" style=\"background-color:#02147e;font-size:25px\">Aims of the hsb sports boarding school<\/p>\n\n\n\n<p class=\"has-text-align-center has-background\" style=\"background-color:#f6f6f6;font-size:16px\">Promotion of as smooth a transition from school to a job or a degree course as possible along-side competitive sport.<\/p>\n\n\n\n<div style=\"height:50px\" aria-hidden=\"true\" class=\"wp-block-spacer\"><\/div>\n\n\n<section id=\"testimonials\" class=\"section-bg\"><div class=\"container\"><div class=\"row justify-content-center mt-4\"><div class=\"col-12 col-md-6 col-lg-6 mb-6 testimonial-item\"><img loading=\"lazy\" decoding=\"async\" width=\"600\" height=\"600\" src=\"https:\/\/hsb1846.de\/wp-content\/uploads\/2022\/10\/Beker_web.png\" class=\"testimonial-img wp-post-image\" alt=\"Beste berufliche Aussichten\" srcset=\"https:\/\/hsb1846.de\/wp-content\/uploads\/2022\/10\/Beker_web.png 600w, https:\/\/hsb1846.de\/wp-content\/uploads\/2022\/10\/Beker_web-300x300.png 300w, https:\/\/hsb1846.de\/wp-content\/uploads\/2022\/10\/Beker_web-150x150.png 150w\" sizes=\"auto, (max-width: 600px) 100vw, 600px\" \/><h3>Henri Breker<\/h3><h4>hsb 1846 e.V. squad fencer<\/h4><h4><a href=\"#\" title=\"\"><\/a><\/h4><div class=\"testimonial-content\">The network of the sports boarding school and the fencing centre in Heidenheim is a superb opportunity for me to combine my ambitions as both a competitive athlete and a possible stu-dent of industrial engineering at the Baden-W\u00fcrttemberg Cooperative State University in Hei-denheim (DHWB). This partnership enables me early on to enjoy an exchange with the part-ner companies in order to jointly sound out how to coordinate and complement a demanding degree course with my training and competition times in an optimal manner.<\/div><\/div><\/div><\/div><\/section>\n\n\n<div style=\"height:50px\" aria-hidden=\"true\" class=\"wp-block-spacer\"><\/div>","protected":false},"excerpt":{"rendered":"<p>Berufliche Perspektiven Wir unterst\u00fctzen unsere Sportler \u00fcber die Internatszeit hinaus! Job, Ausbildung, Studium, Wohnen, wir sind bestens vernetzt. Der hsb pflegt seit Jahrzehnten beste Kontakt zu Unternehmen, der Dualen Hochschule Baden- W\u00fcrttemberg Heidenheim (DHBW), weiteren Hochschulen und Universit\u00e4ten. Diese bieten uns hervorragende Voraussetzungen Ausbildungs- bzw. Studienpl\u00e4tze zu vermitteln. Des weiteren stehen wir FSJlern und Praktikum-Suchenden [&hellip;]<\/p>\n","protected":false},"author":1,"featured_media":9633,"parent":4103,"menu_order":11,"comment_status":"closed","ping_status":"closed","template":"","meta":{"footnotes":""},"class_list":["post-9643","page","type-page","status-publish","has-post-thumbnail","hentry"],"aioseo_notices":[],"_links":{"self":[{"href":"https:\/\/hsb1846.de\/en\/wp-json\/wp\/v2\/pages\/9643","targetHints":{"allow":["GET"]}}],"collection":[{"href":"https:\/\/hsb1846.de\/en\/wp-json\/wp\/v2\/pages"}],"about":[{"href":"https:\/\/hsb1846.de\/en\/wp-json\/wp\/v2\/types\/page"}],"author":[{"embeddable":true,"href":"https:\/\/hsb1846.de\/en\/wp-json\/wp\/v2\/users\/1"}],"replies":[{"embeddable":true,"href":"https:\/\/hsb1846.de\/en\/wp-json\/wp\/v2\/comments?post=9643"}],"version-history":[{"count":27,"href":"https:\/\/hsb1846.de\/en\/wp-json\/wp\/v2\/pages\/9643\/revisions"}],"predecessor-version":[{"id":10370,"href":"https:\/\/hsb1846.de\/en\/wp-json\/wp\/v2\/pages\/9643\/revisions\/10370"}],"up":[{"embeddable":true,"href":"https:\/\/hsb1846.de\/en\/wp-json\/wp\/v2\/pages\/4103"}],"wp:featuredmedia":[{"embeddable":true,"href":"https:\/\/hsb1846.de\/en\/wp-json\/wp\/v2\/media\/9633"}],"wp:attachment":[{"href":"https:\/\/hsb1846.de\/en\/wp-json\/wp\/v2\/media?parent=9643"}],"curies":[{"name":"wp","href":"https:\/\/api.w.org\/{rel}","templated":true}]}}