{"id":9760,"date":"2022-10-06T14:11:53","date_gmt":"2022-10-06T12:11:53","guid":{"rendered":"https:\/\/2022.hsb1846.de\/?page_id=9760"},"modified":"2026-03-05T09:02:07","modified_gmt":"2026-03-05T08:02:07","slug":"training-erwachsene","status":"publish","type":"page","link":"https:\/\/hsb1846.de\/en\/home\/abteilungen\/volleyball\/training-erwachsene\/","title":{"rendered":"Training Volleyball Erwachsene"},"content":{"rendered":"\n<div style=\"height:30px\" aria-hidden=\"true\" class=\"wp-block-spacer\"><\/div>\n\n\n\n<p style=\"font-size:25px\"><strong>Trainingszeiten Mixed-Volleyball<\/strong><\/p>\n\n\n\n<p><em>In den Sommermonaten findet das Training wetterabh\u00e4ngig auch auf den Beachpl\u00e4tzen (z.B. hsb-Sportpark) statt.<\/em><\/p>\n\n\n\n<div style=\"height:25px\" aria-hidden=\"true\" class=\"wp-block-spacer\"><\/div>\n\n\n\n<table id=\"tablepress-7\" class=\"tablepress tablepress-id-7\">\n<thead>\n<tr class=\"row-1\">\n\t<th class=\"column-1\">Wochentag<\/th><th class=\"column-2\">Uhrzeit<\/th><th class=\"column-3\">Trainingsort<\/th><th class=\"column-4\">Bemerkung<\/th>\n<\/tr>\n<\/thead>\n<tbody class=\"row-striping row-hover\">\n<tr class=\"row-2\">\n\t<td class=\"column-1\">Montag<\/td><td class=\"column-2\">20:00 - 22:15<\/td><td class=\"column-3\">Hellenstein-Gymnasium<\/td><td class=\"column-4\">Teilnahme f\u00fcr jeden m\u00f6glich<\/td>\n<\/tr>\n<tr class=\"row-3\">\n\t<td class=\"column-1\">Dienstag<\/td><td class=\"column-2\">20:30 - 22:00<\/td><td class=\"column-3\">Hellenstein-Gymnasium<\/td><td class=\"column-4\">Freies Spielen<\/td>\n<\/tr>\n<tr class=\"row-4\">\n\t<td class=\"column-1\">Freitag<\/td><td class=\"column-2\">19:00 - 22:00<\/td><td class=\"column-3\">Hellenstein-Gymnasium<\/td><td class=\"column-4\">Allgemeiner Spielbetrieb und Mannschaftstraining<\/td>\n<\/tr>\n<\/tbody>\n<\/table>\n<!-- #tablepress-7 from cache -->\n\n\n\n<div style=\"height:30px\" aria-hidden=\"true\" class=\"wp-block-spacer\"><\/div>\n\n\n\n<hr class=\"wp-block-separator has-alpha-channel-opacity\"\/>\n\n\n\n<div style=\"height:30px\" aria-hidden=\"true\" class=\"wp-block-spacer\"><\/div>\n\n\n\n<h1 class=\"wp-block-heading has-text-align-left\" style=\"font-size:25px\"><strong>Trainingszeiten Herren-Mannschaften*<\/strong><\/h1>\n\n\n\n<p><em>In den Sommermonaten findet das Training wetterabh\u00e4ngig auch auf den Beachpl\u00e4tzen (z.B. hsb-Sportpark) statt.<\/em><\/p>\n\n\n\n<div style=\"height:25px\" aria-hidden=\"true\" class=\"wp-block-spacer\"><\/div>\n\n\n\n<figure class=\"wp-block-image size-full\"><img loading=\"lazy\" decoding=\"async\" width=\"1024\" height=\"682\" src=\"https:\/\/hsb1846.de\/wp-content\/uploads\/2023\/08\/k-IMG_2951.jpg\" alt=\"\" class=\"wp-image-12629\" srcset=\"https:\/\/hsb1846.de\/wp-content\/uploads\/2023\/08\/k-IMG_2951.jpg 1024w, https:\/\/hsb1846.de\/wp-content\/uploads\/2023\/08\/k-IMG_2951-300x200.jpg 300w, https:\/\/hsb1846.de\/wp-content\/uploads\/2023\/08\/k-IMG_2951-768x512.jpg 768w, https:\/\/hsb1846.de\/wp-content\/uploads\/2023\/08\/k-IMG_2951-18x12.jpg 18w\" sizes=\"auto, (max-width: 1024px) 100vw, 1024px\" \/><\/figure>\n\n\n\n<div style=\"height:25px\" aria-hidden=\"true\" class=\"wp-block-spacer\"><\/div>\n\n\n\n<p style=\"font-size:25px\">Trainingszeiten Herren (H1: Landesliga, H2: Bezirksliga)<\/p>\n\n\n\n<div style=\"height:25px\" aria-hidden=\"true\" class=\"wp-block-spacer\"><\/div>\n\n\n\n<table id=\"tablepress-7h1\" class=\"tablepress tablepress-id-7h1\">\n<thead>\n<tr class=\"row-1\">\n\t<th class=\"column-1\">Wochentag<\/th><th class=\"column-2\">Uhrzeit<\/th><th class=\"column-3\">Trainingsort<\/th><th class=\"column-4\">Leitung<\/th><th class=\"column-5\">Kontakt<\/th>\n<\/tr>\n<\/thead>\n<tbody class=\"row-striping row-hover\">\n<tr class=\"row-2\">\n\t<td class=\"column-1\">Mittwoch<\/td><td class=\"column-2\">19:00 - 21:00 Uhr<\/td><td class=\"column-3\">Lindenhalle Dettingen<\/td><td class=\"column-4\">Steffen Schober<\/td><td class=\"column-5\">ayke.r[a]web.de<\/td>\n<\/tr>\n<tr class=\"row-3\">\n\t<td class=\"column-1\">Freitag<\/td><td class=\"column-2\">20:00 - 22:00 Uhr<\/td><td class=\"column-3\">Bibrishalle Herbrechtingen<\/td><td class=\"column-4\">Ayke Rudolph<\/td><td class=\"column-5\">s.o.<\/td>\n<\/tr>\n<\/tbody>\n<\/table>\n<!-- #tablepress-7h1 from cache -->\n\n\n\n<div style=\"height:25px\" aria-hidden=\"true\" class=\"wp-block-spacer\"><\/div>\n\n\n\n<hr class=\"wp-block-separator has-alpha-channel-opacity\"\/>\n\n\n\n<div style=\"height:30px\" aria-hidden=\"true\" class=\"wp-block-spacer\"><\/div>\n\n\n\n<h1 class=\"wp-block-heading\" style=\"font-size:25px\"><strong>Trainingszeiten Damen-Mannschaften*<\/strong><\/h1>\n\n\n\n<p><em>In den Sommermonaten findet das Training wetterabh\u00e4ngig auch auf den Beachpl\u00e4tzen (z.B. hsb-Sportpark) statt.<\/em><\/p>\n\n\n\n<div style=\"height:20px\" aria-hidden=\"true\" class=\"wp-block-spacer\"><\/div>\n\n\n<div class=\"wp-block-image\">\n<figure class=\"aligncenter size-large\"><img loading=\"lazy\" decoding=\"async\" width=\"1874\" height=\"1080\" src=\"https:\/\/hsb1846.de\/wp-content\/uploads\/2025\/09\/Oberliga2425-1874x1080.jpg\" alt=\"\" class=\"wp-image-18103\" srcset=\"https:\/\/hsb1846.de\/wp-content\/uploads\/2025\/09\/Oberliga2425-1874x1080.jpg 1874w, https:\/\/hsb1846.de\/wp-content\/uploads\/2025\/09\/Oberliga2425-300x173.jpg 300w, https:\/\/hsb1846.de\/wp-content\/uploads\/2025\/09\/Oberliga2425-768x443.jpg 768w, https:\/\/hsb1846.de\/wp-content\/uploads\/2025\/09\/Oberliga2425-1536x885.jpg 1536w, https:\/\/hsb1846.de\/wp-content\/uploads\/2025\/09\/Oberliga2425-18x10.jpg 18w, https:\/\/hsb1846.de\/wp-content\/uploads\/2025\/09\/Oberliga2425.jpg 2048w\" sizes=\"auto, (max-width: 1874px) 100vw, 1874px\" \/><\/figure>\n<\/div>\n\n\n<div style=\"height:30px\" aria-hidden=\"true\" class=\"wp-block-spacer\"><\/div>\n\n\n\n<p style=\"font-size:25px\">Trainingszeiten Oberliga-Damen (D1)<\/p>\n\n\n\n<div style=\"height:30px\" aria-hidden=\"true\" class=\"wp-block-spacer\"><\/div>\n\n\n\n<table id=\"tablepress-8a\" class=\"tablepress tablepress-id-8a\">\n<thead>\n<tr class=\"row-1\">\n\t<th class=\"column-1\">Wochentag<\/th><th class=\"column-2\">Uhrzeit<\/th><th class=\"column-3\">Trainingsort<\/th><th class=\"column-4\">Leitung<\/th><th class=\"column-5\">Kontakt<\/th>\n<\/tr>\n<\/thead>\n<tbody class=\"row-striping row-hover\">\n<tr class=\"row-2\">\n\t<td class=\"column-1\">Montag<\/td><td class=\"column-2\">20:00 - 22:00<\/td><td class=\"column-3\">Lindenhalle Dettingen<\/td><td class=\"column-4\">Bettina Peller<\/td><td class=\"column-5\">bettina.peller[a]gmx.de<\/td>\n<\/tr>\n<tr class=\"row-3\">\n\t<td class=\"column-1\">Mittwoch<\/td><td class=\"column-2\">19:30 - 21:30<\/td><td class=\"column-3\">Lindenhalle Dettingen<\/td><td class=\"column-4\">Bettina Peller<\/td><td class=\"column-5\"><\/td>\n<\/tr>\n<\/tbody>\n<\/table>\n<!-- #tablepress-8a from cache -->\n\n\n\n<div style=\"height:30px\" aria-hidden=\"true\" class=\"wp-block-spacer\"><\/div>\n\n\n\n<p style=\"font-size:25px\">Trainingszeiten Landesliga-Damen (D2)<\/p>\n\n\n\n<div style=\"height:30px\" aria-hidden=\"true\" class=\"wp-block-spacer\"><\/div>\n\n\n\n<table id=\"tablepress-8a2\" class=\"tablepress tablepress-id-8a2\">\n<thead>\n<tr class=\"row-1\">\n\t<th class=\"column-1\">Wochentag<\/th><th class=\"column-2\">Uhrzeit<\/th><th class=\"column-3\">Trainingsort<\/th><th class=\"column-4\">Leitung<\/th><th class=\"column-5\">Kontakt<\/th>\n<\/tr>\n<\/thead>\n<tbody class=\"row-striping row-hover\">\n<tr class=\"row-2\">\n\t<td class=\"column-1\">Montag<\/td><td class=\"column-2\">19:30 - 21:30<\/td><td class=\"column-3\">Bibrishalle Herbrechtingen<\/td><td class=\"column-4\">Steffen Anker<\/td><td class=\"column-5\">volleyball-giengen{a]web.de<\/td>\n<\/tr>\n<tr class=\"row-3\">\n\t<td class=\"column-1\">Mittwoch<\/td><td class=\"column-2\">19:30 - 21:30<\/td><td class=\"column-3\">Lindenhalle Dettingen<\/td><td class=\"column-4\">Steffen Anker<\/td><td class=\"column-5\">s.o.<\/td>\n<\/tr>\n<\/tbody>\n<\/table>\n<!-- #tablepress-8a2 from cache -->\n\n\n\n<div style=\"height:30px\" aria-hidden=\"true\" class=\"wp-block-spacer\"><\/div>\n\n\n\n<p style=\"font-size:25px\">Trainingszeiten Bezirksliga-Damen (D3)<\/p>\n\n\n\n<div style=\"height:30px\" aria-hidden=\"true\" class=\"wp-block-spacer\"><\/div>\n\n\n\n<table id=\"tablepress-8b\" class=\"tablepress tablepress-id-8b\">\n<thead>\n<tr class=\"row-1\">\n\t<th class=\"column-1\">Wochentag<\/th><th class=\"column-2\">Uhrzeit<\/th><th class=\"column-3\">Trainingsort<\/th><th class=\"column-4\">Leitung<\/th><th class=\"column-5\">Kontakt<\/th>\n<\/tr>\n<\/thead>\n<tbody class=\"row-striping row-hover\">\n<tr class=\"row-2\">\n\t<td class=\"column-1\">Montag<\/td><td class=\"column-2\">17:45 - 19:30<\/td><td class=\"column-3\">Walter-Schmid-Halle Giengen<\/td><td class=\"column-4\">Tim Knauer<br \/>\nAnnika Arndt<\/td><td class=\"column-5\">volleyball-giengen[a]web.de<\/td>\n<\/tr>\n<tr class=\"row-3\">\n\t<td class=\"column-1\">Mittwoch<\/td><td class=\"column-2\">18:30 - 20:15<\/td><td class=\"column-3\">B\u00fchlhalle Giengen<\/td><td class=\"column-4\">Tim Knauer<br \/>\nAnnika Arndt<\/td><td class=\"column-5\">s.o.<\/td>\n<\/tr>\n<\/tbody>\n<\/table>\n<!-- #tablepress-8b from cache -->\n\n\n\n<div style=\"height:30px\" aria-hidden=\"true\" class=\"wp-block-spacer\"><\/div>\n\n\n\n<div style=\"height:30px\" aria-hidden=\"true\" class=\"wp-block-spacer\"><\/div>\n\n\n\n<hr class=\"wp-block-separator has-alpha-channel-opacity\"\/>\n\n\n\n<div style=\"height:30px\" aria-hidden=\"true\" class=\"wp-block-spacer\"><\/div>\n\n\n\n<h1 class=\"wp-block-heading\">Beachvolleyball<\/h1>\n\n\n\n<div style=\"height:24px\" aria-hidden=\"true\" class=\"wp-block-spacer\"><\/div>\n\n\n\n<p style=\"font-size:25px\">Trainingszeiten Beachvolleyball<\/p>\n\n\n\n<div style=\"height:25px\" aria-hidden=\"true\" class=\"wp-block-spacer\"><\/div>\n\n\n\n<table id=\"tablepress-7z\" class=\"tablepress tablepress-id-7z\">\n<thead>\n<tr class=\"row-1\">\n\t<th class=\"column-1\">Wochentag<\/th><th class=\"column-2\">Uhrzeit<\/th><th class=\"column-3\">Trainingsort<\/th>\n<\/tr>\n<\/thead>\n<tbody class=\"row-striping row-hover\">\n<tr class=\"row-2\">\n\t<td class=\"column-1\">Montag - Freitag<\/td><td class=\"column-2\">ab 17:00 Uhr<\/td><td class=\"column-3\">Beach-Anlage in Sparkassen-Sportpark<\/td>\n<\/tr>\n<tr class=\"row-3\">\n\t<td class=\"column-1\">Samstag &amp; Sonntag<\/td><td class=\"column-2\">ab 14:00 Uhr<\/td><td class=\"column-3\">Beach-Anlage in Sparkassen-Sportpark<\/td>\n<\/tr>\n<\/tbody>\n<\/table>\n<!-- #tablepress-7z from cache -->\n\n\n\n<div style=\"height:100px\" aria-hidden=\"true\" class=\"wp-block-spacer\"><\/div>\n\n\n\n<p>*Mannschaften im Rahmen der Spielgemeinschaft SG VolleyAlb \/ Brenztal<\/p>\n","protected":false},"excerpt":{"rendered":"<p>Trainingszeiten Mixed-Volleyball In den Sommermonaten findet das Training wetterabh\u00e4ngig auch auf den Beachpl\u00e4tzen (z.B. hsb-Sportpark) statt. Trainingszeiten Herren-Mannschaften* In den Sommermonaten findet das Training wetterabh\u00e4ngig auch auf den Beachpl\u00e4tzen (z.B. hsb-Sportpark) statt. Trainingszeiten Herren (H1: Landesliga, H2: Bezirksliga) Trainingszeiten Damen-Mannschaften* In den Sommermonaten findet das Training wetterabh\u00e4ngig auch auf den Beachpl\u00e4tzen (z.B. hsb-Sportpark) statt. Trainingszeiten [&hellip;]<\/p>\n","protected":false},"author":1,"featured_media":0,"parent":4431,"menu_order":13,"comment_status":"closed","ping_status":"closed","template":"","meta":{"footnotes":""},"class_list":["post-9760","page","type-page","status-publish","hentry"],"aioseo_notices":[],"_links":{"self":[{"href":"https:\/\/hsb1846.de\/en\/wp-json\/wp\/v2\/pages\/9760","targetHints":{"allow":["GET"]}}],"collection":[{"href":"https:\/\/hsb1846.de\/en\/wp-json\/wp\/v2\/pages"}],"about":[{"href":"https:\/\/hsb1846.de\/en\/wp-json\/wp\/v2\/types\/page"}],"author":[{"embeddable":true,"href":"https:\/\/hsb1846.de\/en\/wp-json\/wp\/v2\/users\/1"}],"replies":[{"embeddable":true,"href":"https:\/\/hsb1846.de\/en\/wp-json\/wp\/v2\/comments?post=9760"}],"version-history":[{"count":39,"href":"https:\/\/hsb1846.de\/en\/wp-json\/wp\/v2\/pages\/9760\/revisions"}],"predecessor-version":[{"id":19499,"href":"https:\/\/hsb1846.de\/en\/wp-json\/wp\/v2\/pages\/9760\/revisions\/19499"}],"up":[{"embeddable":true,"href":"https:\/\/hsb1846.de\/en\/wp-json\/wp\/v2\/pages\/4431"}],"wp:attachment":[{"href":"https:\/\/hsb1846.de\/en\/wp-json\/wp\/v2\/media?parent=9760"}],"curies":[{"name":"wp","href":"https:\/\/api.w.org\/{rel}","templated":true}]}}