{"id":9788,"date":"2022-10-06T14:20:33","date_gmt":"2022-10-06T12:20:33","guid":{"rendered":"https:\/\/2022.hsb1846.de\/?page_id=9788"},"modified":"2022-10-10T10:52:10","modified_gmt":"2022-10-10T08:52:10","slug":"volleyball-links","status":"publish","type":"page","link":"https:\/\/hsb1846.de\/en\/home\/abteilungen\/volleyball\/volleyball-links\/","title":{"rendered":"Volleyball Links"},"content":{"rendered":"<div style=\"height:50px\" aria-hidden=\"true\" class=\"wp-block-spacer\"><\/div>\n\n\n\n<p class=\"has-background\" style=\"background-color:#f6f6f6;font-size:16px\"><a href=\"https:\/\/volleyalb.de\/\" target=\"_blank\" rel=\"noreferrer noopener\">SG VolleyAlb\/Brenztal<\/a><\/p>\n\n\n\n<div style=\"height:50px\" aria-hidden=\"true\" class=\"wp-block-spacer\"><\/div>\n\n\n\n<h2 class=\"has-white-color has-text-color has-background wp-block-heading\" style=\"background-color:#02147e\">Volleyballverb\u00e4nde<\/h2>\n\n\n\n<div style=\"height:25px\" aria-hidden=\"true\" class=\"wp-block-spacer\"><\/div>\n\n\n\n<ul class=\"wp-block-list\" style=\"font-size:16px\"><li><a href=\"https:\/\/www.vlw-online.de\/home\" target=\"_blank\" rel=\"noreferrer noopener\">Volleyball Landesverband W\u00fcrttemberg<\/a><\/li><li><a href=\"https:\/\/www.volleyball-verband.de\/de\/\" target=\"_blank\" rel=\"noreferrer noopener\">Deutscher Volleyball-Verband<\/a><\/li><li><a href=\"https:\/\/www.fivb.com\/\" target=\"_blank\" rel=\"noreferrer noopener\">Internationaler Volleyballverband<\/a><\/li><\/ul>\n\n\n\n<div style=\"height:25px\" aria-hidden=\"true\" class=\"wp-block-spacer\"><\/div>\n\n\n\n<h2 class=\"has-white-color has-text-color has-background wp-block-heading\" style=\"background-color:#02147e\">Sonstige Verb\u00e4nde<\/h2>\n\n\n\n<div style=\"height:25px\" aria-hidden=\"true\" class=\"wp-block-spacer\"><\/div>\n\n\n\n<ul class=\"wp-block-list\" style=\"font-size:16px\"><li><a href=\"https:\/\/www.wlsb.de\/\" target=\"_blank\" rel=\"noreferrer noopener\">W\u00fcrttembergischer Landessportbund<\/a><\/li><li><a href=\"https:\/\/www.dosb.de\/\" target=\"_blank\" rel=\"noreferrer noopener\">Deutscher Olympischer Sportbund<\/a><\/li><li><a href=\"https:\/\/www.dw.com\/de\/internationales-olympisches-komitee-ioc\/t-18119097\" target=\"_blank\" rel=\"noreferrer noopener\">Internationales Olympisches Komitee<\/a><\/li><\/ul>\n\n\n\n<div style=\"height:25px\" aria-hidden=\"true\" class=\"wp-block-spacer\"><\/div>\n\n\n\n<h2 class=\"has-white-color has-text-color has-background wp-block-heading\" style=\"background-color:#02147e\">Diverse Links<\/h2>\n\n\n\n<div style=\"height:25px\" aria-hidden=\"true\" class=\"wp-block-spacer\"><\/div>\n\n\n\n<ul class=\"wp-block-list\" style=\"font-size:16px\"><li><a href=\"https:\/\/www.vfb-volleyball.de\/\" target=\"_blank\" rel=\"noreferrer noopener\">VFB Friedrichshafen &#8211; Volleyball<\/a><\/li><li><a href=\"https:\/\/www.erima.de\/corporate\/news\/blog\/die-wichtigsten-volleyball-regeln-einfach-erkl%C3%A4rt\" target=\"_blank\" rel=\"noreferrer noopener\">Volleyballregeln<\/a><\/li><li><a href=\"https:\/\/www.heidenheim.de\/startseite\" target=\"_blank\" rel=\"noreferrer noopener\">Stadt Heidenheim<\/a><\/li><\/ul>\n\n\n\n<div style=\"height:50px\" aria-hidden=\"true\" class=\"wp-block-spacer\"><\/div>","protected":false},"excerpt":{"rendered":"<p>SG VolleyAlb\/Brenztal Volleyballverb\u00e4nde Volleyball Landesverband W\u00fcrttemberg Deutscher Volleyball-Verband Internationaler Volleyballverband Sonstige Verb\u00e4nde W\u00fcrttembergischer Landessportbund Deutscher Olympischer Sportbund Internationales Olympisches Komitee Diverse Links VFB Friedrichshafen &#8211; Volleyball Volleyballregeln Stadt Heidenheim<\/p>","protected":false},"author":1,"featured_media":0,"parent":4431,"menu_order":45,"comment_status":"closed","ping_status":"closed","template":"","meta":{"footnotes":""},"class_list":["post-9788","page","type-page","status-publish","hentry"],"aioseo_notices":[],"_links":{"self":[{"href":"https:\/\/hsb1846.de\/en\/wp-json\/wp\/v2\/pages\/9788","targetHints":{"allow":["GET"]}}],"collection":[{"href":"https:\/\/hsb1846.de\/en\/wp-json\/wp\/v2\/pages"}],"about":[{"href":"https:\/\/hsb1846.de\/en\/wp-json\/wp\/v2\/types\/page"}],"author":[{"embeddable":true,"href":"https:\/\/hsb1846.de\/en\/wp-json\/wp\/v2\/users\/1"}],"replies":[{"embeddable":true,"href":"https:\/\/hsb1846.de\/en\/wp-json\/wp\/v2\/comments?post=9788"}],"version-history":[{"count":5,"href":"https:\/\/hsb1846.de\/en\/wp-json\/wp\/v2\/pages\/9788\/revisions"}],"predecessor-version":[{"id":9947,"href":"https:\/\/hsb1846.de\/en\/wp-json\/wp\/v2\/pages\/9788\/revisions\/9947"}],"up":[{"embeddable":true,"href":"https:\/\/hsb1846.de\/en\/wp-json\/wp\/v2\/pages\/4431"}],"wp:attachment":[{"href":"https:\/\/hsb1846.de\/en\/wp-json\/wp\/v2\/media?parent=9788"}],"curies":[{"name":"wp","href":"https:\/\/api.w.org\/{rel}","templated":true}]}}